{"id":96,"date":"2018-06-18T06:57:57","date_gmt":"2018-06-18T06:57:57","guid":{"rendered":"https:\/\/mcrcocinas.com\/index.php\/about\/"},"modified":"2023-01-31T23:31:50","modified_gmt":"2023-01-31T23:31:50","slug":"nosotros","status":"publish","type":"page","link":"https:\/\/mcrcocinas.com\/index.php\/nosotros\/","title":{"rendered":"Nosotros"},"content":{"rendered":"\t\t<div data-elementor-type=\"wp-post\" data-elementor-id=\"96\" class=\"elementor elementor-96\">\n\t\t\t\t\t\t\t\t\t<section class=\"elementor-section elementor-top-section elementor-element elementor-element-7af1913 elementor-section-content-middle elementor-section-boxed elementor-section-height-default elementor-section-height-default\" data-id=\"7af1913\" data-element_type=\"section\" data-settings=\"{&quot;background_background&quot;:&quot;classic&quot;}\">\n\t\t\t\t\t\t\t<div class=\"elementor-background-overlay\"><\/div>\n\t\t\t\t\t\t\t<div class=\"elementor-container elementor-column-gap-default\">\n\t\t\t\t\t<div class=\"elementor-column elementor-col-100 elementor-top-column elementor-element elementor-element-6ed6cac\" data-id=\"6ed6cac\" data-element_type=\"column\">\n\t\t\t<div class=\"elementor-widget-wrap elementor-element-populated\">\n\t\t\t\t\t\t\t\t<div class=\"elementor-element elementor-element-285c924 elementor-widget elementor-widget-heading\" data-id=\"285c924\" data-element_type=\"widget\" data-widget_type=\"heading.default\">\n\t\t\t\t<div class=\"elementor-widget-container\">\n\t\t\t<style>\/*! elementor - v3.10.2 - 29-01-2023 *\/\n.elementor-heading-title{padding:0;margin:0;line-height:1}.elementor-widget-heading .elementor-heading-title[class*=elementor-size-]>a{color:inherit;font-size:inherit;line-height:inherit}.elementor-widget-heading .elementor-heading-title.elementor-size-small{font-size:15px}.elementor-widget-heading .elementor-heading-title.elementor-size-medium{font-size:19px}.elementor-widget-heading .elementor-heading-title.elementor-size-large{font-size:29px}.elementor-widget-heading .elementor-heading-title.elementor-size-xl{font-size:39px}.elementor-widget-heading .elementor-heading-title.elementor-size-xxl{font-size:59px}<\/style><h1 class=\"elementor-heading-title elementor-size-default\">Sobre Nosotros<\/h1>\t\t<\/div>\n\t\t\t\t<\/div>\n\t\t\t\t\t<\/div>\n\t\t<\/div>\n\t\t\t\t\t\t\t<\/div>\n\t\t<\/section>\n\t\t\t\t<section class=\"elementor-section elementor-top-section elementor-element elementor-element-7d33ea6 elementor-section-boxed elementor-section-height-default elementor-section-height-default\" data-id=\"7d33ea6\" data-element_type=\"section\">\n\t\t\t\t\t\t<div class=\"elementor-container elementor-column-gap-default\">\n\t\t\t\t\t<div class=\"elementor-column elementor-col-50 elementor-top-column elementor-element elementor-element-827726c\" data-id=\"827726c\" data-element_type=\"column\">\n\t\t\t<div class=\"elementor-widget-wrap elementor-element-populated\">\n\t\t\t\t\t\t\t\t<div class=\"elementor-element elementor-element-173faf5 elementor-position-top elementor-vertical-align-top elementor-widget elementor-widget-image-box\" data-id=\"173faf5\" data-element_type=\"widget\" data-widget_type=\"image-box.default\">\n\t\t\t\t<div class=\"elementor-widget-container\">\n\t\t\t<style>\/*! elementor - v3.10.2 - 29-01-2023 *\/\n.elementor-widget-image-box .elementor-image-box-content{width:100%}@media (min-width:768px){.elementor-widget-image-box.elementor-position-left .elementor-image-box-wrapper,.elementor-widget-image-box.elementor-position-right .elementor-image-box-wrapper{display:flex}.elementor-widget-image-box.elementor-position-right .elementor-image-box-wrapper{text-align:right;flex-direction:row-reverse}.elementor-widget-image-box.elementor-position-left .elementor-image-box-wrapper{text-align:left;flex-direction:row}.elementor-widget-image-box.elementor-position-top .elementor-image-box-img{margin:auto}.elementor-widget-image-box.elementor-vertical-align-top .elementor-image-box-wrapper{align-items:flex-start}.elementor-widget-image-box.elementor-vertical-align-middle .elementor-image-box-wrapper{align-items:center}.elementor-widget-image-box.elementor-vertical-align-bottom .elementor-image-box-wrapper{align-items:flex-end}}@media (max-width:767px){.elementor-widget-image-box .elementor-image-box-img{margin-left:auto!important;margin-right:auto!important;margin-bottom:15px}}.elementor-widget-image-box .elementor-image-box-img{display:inline-block}.elementor-widget-image-box .elementor-image-box-title a{color:inherit}.elementor-widget-image-box .elementor-image-box-wrapper{text-align:center}.elementor-widget-image-box .elementor-image-box-description{margin:0}<\/style><div class=\"elementor-image-box-wrapper\"><div class=\"elementor-image-box-content\"><h2 class=\"elementor-image-box-title\">Tus Fabricantes De Cocinas De Confianza<\/h2><p class=\"elementor-image-box-description\">Somos una empresa de fabricaci\u00f3n de cocinas y closets que ofrece soluciones personalizadas de alta calidad. Con a\u00f1os de experiencia en el mercado, nos esforzamos por brindar un servicio excepcional y una atenci\u00f3n personalizada a cada uno de nuestros clientes.\n\nNuestro equipo de expertos trabaja con los m\u00e1s altos est\u00e1ndares de calidad para garantizar la satisfacci\u00f3n de nuestros clientes y ofrecer soluciones innovadoras y funcionales. Adem\u00e1s, contamos con una amplia selecci\u00f3n de materiales y acabados de alta calidad para brindar una amplia variedad de opciones.\n\n\n\n<\/p><\/div><\/div>\t\t<\/div>\n\t\t\t\t<\/div>\n\t\t\t\t<div class=\"elementor-element elementor-element-6a30081 elementor-widget elementor-widget-text-editor\" data-id=\"6a30081\" data-element_type=\"widget\" data-widget_type=\"text-editor.default\">\n\t\t\t\t<div class=\"elementor-widget-container\">\n\t\t\t<style>\/*! elementor - v3.10.2 - 29-01-2023 *\/\n.elementor-widget-text-editor.elementor-drop-cap-view-stacked .elementor-drop-cap{background-color:#818a91;color:#fff}.elementor-widget-text-editor.elementor-drop-cap-view-framed .elementor-drop-cap{color:#818a91;border:3px solid;background-color:transparent}.elementor-widget-text-editor:not(.elementor-drop-cap-view-default) .elementor-drop-cap{margin-top:8px}.elementor-widget-text-editor:not(.elementor-drop-cap-view-default) .elementor-drop-cap-letter{width:1em;height:1em}.elementor-widget-text-editor .elementor-drop-cap{float:left;text-align:center;line-height:1;font-size:50px}.elementor-widget-text-editor .elementor-drop-cap-letter{display:inline-block}<\/style>\t\t\t\t<p>Nos enorgullece poder ayudar a transformar los espacios de nuestros clientes en hogares acogedores y funcionales. Estamos comprometidos a brindar un servicio excepcional y a asegurarnos de que cada proyecto sea un reflejo de los gustos y necesidades de nuestros clientes.<\/p>\t\t\t\t\t\t<\/div>\n\t\t\t\t<\/div>\n\t\t\t\t\t<\/div>\n\t\t<\/div>\n\t\t\t\t<div class=\"elementor-column elementor-col-50 elementor-top-column elementor-element elementor-element-ce44ef3\" data-id=\"ce44ef3\" data-element_type=\"column\">\n\t\t\t<div class=\"elementor-widget-wrap elementor-element-populated\">\n\t\t\t\t\t\t\t\t<div class=\"elementor-element elementor-element-e235669 elementor-widget elementor-widget-image\" data-id=\"e235669\" data-element_type=\"widget\" data-widget_type=\"image.default\">\n\t\t\t\t<div class=\"elementor-widget-container\">\n\t\t\t<style>\/*! elementor - v3.10.2 - 29-01-2023 *\/\n.elementor-widget-image{text-align:center}.elementor-widget-image a{display:inline-block}.elementor-widget-image a img[src$=\".svg\"]{width:48px}.elementor-widget-image img{vertical-align:middle;display:inline-block}<\/style>\t\t\t\t\t\t\t\t\t\t\t\t<img decoding=\"async\" width=\"1024\" height=\"1024\" src=\"https:\/\/mcrcocinas.com\/wp-content\/uploads\/2023\/01\/MCRpostDICIEMBRE10-1024x1024.png\" class=\"attachment-large size-large wp-image-5477\" alt=\"\" loading=\"lazy\" srcset=\"https:\/\/mcrcocinas.com\/wp-content\/uploads\/2023\/01\/MCRpostDICIEMBRE10-1024x1024.png 1024w, https:\/\/mcrcocinas.com\/wp-content\/uploads\/2023\/01\/MCRpostDICIEMBRE10-300x300.png 300w, https:\/\/mcrcocinas.com\/wp-content\/uploads\/2023\/01\/MCRpostDICIEMBRE10-150x150.png 150w, https:\/\/mcrcocinas.com\/wp-content\/uploads\/2023\/01\/MCRpostDICIEMBRE10-768x768.png 768w, https:\/\/mcrcocinas.com\/wp-content\/uploads\/2023\/01\/MCRpostDICIEMBRE10-600x600.png 600w, https:\/\/mcrcocinas.com\/wp-content\/uploads\/2023\/01\/MCRpostDICIEMBRE10-100x100.png 100w, https:\/\/mcrcocinas.com\/wp-content\/uploads\/2023\/01\/MCRpostDICIEMBRE10.png 1200w\" sizes=\"(max-width: 1024px) 100vw, 1024px\" \/>\t\t\t\t\t\t\t\t\t\t\t\t\t\t\t<\/div>\n\t\t\t\t<\/div>\n\t\t\t\t\t<\/div>\n\t\t<\/div>\n\t\t\t\t\t\t\t<\/div>\n\t\t<\/section>\n\t\t\t\t\t\t\t<\/div>\n\t\t","protected":false},"excerpt":{"rendered":"<p>Sobre Nosotros Tus Fabricantes De Cocinas De Confianza Somos una empresa de fabricaci\u00f3n de cocinas y closets que ofrece soluciones personalizadas de alta calidad. Con a\u00f1os de experiencia en el mercado, nos esforzamos por brindar un servicio excepcional y una atenci\u00f3n personalizada a cada uno de nuestros clientes. Nuestro equipo de expertos trabaja con los &hellip;<\/p>\n<p class=\"read-more\"> <a class=\"\" href=\"https:\/\/mcrcocinas.com\/index.php\/nosotros\/\"> <span class=\"screen-reader-text\">Nosotros<\/span> Leer m\u00e1s &raquo;<\/a><\/p>\n","protected":false},"author":1,"featured_media":0,"parent":0,"menu_order":0,"comment_status":"closed","ping_status":"closed","template":"","meta":{"_mi_skip_tracking":false,"site-sidebar-layout":"no-sidebar","site-content-layout":"page-builder","ast-global-header-display":"","ast-main-header-display":"","ast-hfb-above-header-display":"","ast-hfb-below-header-display":"","ast-hfb-mobile-header-display":"","site-post-title":"disabled","ast-breadcrumbs-content":"","ast-featured-img":"disabled","footer-sml-layout":"","theme-transparent-header-meta":"enabled","adv-header-id-meta":"","stick-header-meta":"","header-above-stick-meta":"","header-main-stick-meta":"","header-below-stick-meta":""},"aioseo_notices":[],"_links":{"self":[{"href":"https:\/\/mcrcocinas.com\/index.php\/wp-json\/wp\/v2\/pages\/96"}],"collection":[{"href":"https:\/\/mcrcocinas.com\/index.php\/wp-json\/wp\/v2\/pages"}],"about":[{"href":"https:\/\/mcrcocinas.com\/index.php\/wp-json\/wp\/v2\/types\/page"}],"author":[{"embeddable":true,"href":"https:\/\/mcrcocinas.com\/index.php\/wp-json\/wp\/v2\/users\/1"}],"replies":[{"embeddable":true,"href":"https:\/\/mcrcocinas.com\/index.php\/wp-json\/wp\/v2\/comments?post=96"}],"version-history":[{"count":8,"href":"https:\/\/mcrcocinas.com\/index.php\/wp-json\/wp\/v2\/pages\/96\/revisions"}],"predecessor-version":[{"id":5570,"href":"https:\/\/mcrcocinas.com\/index.php\/wp-json\/wp\/v2\/pages\/96\/revisions\/5570"}],"wp:attachment":[{"href":"https:\/\/mcrcocinas.com\/index.php\/wp-json\/wp\/v2\/media?parent=96"}],"curies":[{"name":"wp","href":"https:\/\/api.w.org\/{rel}","templated":true}]}}