{"id":242,"date":"2018-06-20T07:16:12","date_gmt":"2018-06-20T07:16:12","guid":{"rendered":"https:\/\/mcrcocinas.com\/index.php\/product\/fresh-orange-juice\/"},"modified":"2026-02-02T00:06:36","modified_gmt":"2026-02-02T00:06:36","slug":"fresh-orange-juice","status":"publish","type":"product","link":"https:\/\/mcrcocinas.com\/index.php\/product\/fresh-orange-juice\/","title":{"rendered":"Closet Organizador"},"content":{"rendered":"<p>Organiza todas tus prendas y accesorios con este magn\u00edfico y amplio Ropero Sauce aprovechando los espacios de tu rec\u00e1mara. Tiene estilo contempor\u00e1neo, es funcional, resistente y durable al uso cotidiano.<\/p>\n<p>Se complementa con dise\u00f1o vers\u00e1til para que tengas varias soluciones donde guardar.<\/p>\n","protected":false},"excerpt":{"rendered":"<p>No dudes en llamar a un asesor de ventas.<\/p>\n","protected":false},"featured_media":5590,"comment_status":"open","ping_status":"closed","template":"","meta":{"_mi_skip_tracking":false,"site-sidebar-layout":"default","site-content-layout":"default","ast-global-header-display":"","ast-main-header-display":"","ast-hfb-above-header-display":"","ast-hfb-below-header-display":"","ast-hfb-mobile-header-display":"","site-post-title":"","ast-breadcrumbs-content":"","ast-featured-img":"","footer-sml-layout":"","theme-transparent-header-meta":"default","adv-header-id-meta":"","stick-header-meta":"","header-above-stick-meta":"","header-main-stick-meta":"","header-below-stick-meta":""},"product_cat":[25],"product_tag":[],"aioseo_notices":[],"_links":{"self":[{"href":"https:\/\/mcrcocinas.com\/index.php\/wp-json\/wp\/v2\/product\/242"}],"collection":[{"href":"https:\/\/mcrcocinas.com\/index.php\/wp-json\/wp\/v2\/product"}],"about":[{"href":"https:\/\/mcrcocinas.com\/index.php\/wp-json\/wp\/v2\/types\/product"}],"replies":[{"embeddable":true,"href":"https:\/\/mcrcocinas.com\/index.php\/wp-json\/wp\/v2\/comments?post=242"}],"wp:featuredmedia":[{"embeddable":true,"href":"https:\/\/mcrcocinas.com\/index.php\/wp-json\/wp\/v2\/media\/5590"}],"wp:attachment":[{"href":"https:\/\/mcrcocinas.com\/index.php\/wp-json\/wp\/v2\/media?parent=242"}],"wp:term":[{"taxonomy":"product_cat","embeddable":true,"href":"https:\/\/mcrcocinas.com\/index.php\/wp-json\/wp\/v2\/product_cat?post=242"},{"taxonomy":"product_tag","embeddable":true,"href":"https:\/\/mcrcocinas.com\/index.php\/wp-json\/wp\/v2\/product_tag?post=242"}],"curies":[{"name":"wp","href":"https:\/\/api.w.org\/{rel}","templated":true}]}}